{"id":450,"date":"2023-12-24T09:51:40","date_gmt":"2023-12-24T09:51:40","guid":{"rendered":"https:\/\/www.praxis-karbacher.de\/?page_id=450"},"modified":"2024-05-14T15:56:25","modified_gmt":"2024-05-14T15:56:25","slug":"chiropratik","status":"publish","type":"page","link":"https:\/\/www.praxis-karbacher.de\/index.php\/leistungen\/chiropratik\/","title":{"rendered":"Chiropraktik"},"content":{"rendered":"\n<p><strong>Chiropraktik<\/strong><\/p>\n\n\n<div class=\"wp-block-image\">\n<figure class=\"alignright size-large is-resized\"><img loading=\"lazy\" decoding=\"async\" width=\"1024\" height=\"683\" src=\"https:\/\/www.praxis-karbacher.de\/wp-content\/uploads\/2024\/04\/AdobeStock_532813596-1024x683.jpeg\" alt=\"\" class=\"wp-image-555\" style=\"aspect-ratio:3\/2;object-fit:cover;width:600px\" srcset=\"https:\/\/www.praxis-karbacher.de\/wp-content\/uploads\/2024\/04\/AdobeStock_532813596-1024x683.jpeg 1024w, https:\/\/www.praxis-karbacher.de\/wp-content\/uploads\/2024\/04\/AdobeStock_532813596-300x200.jpeg 300w, https:\/\/www.praxis-karbacher.de\/wp-content\/uploads\/2024\/04\/AdobeStock_532813596-768x512.jpeg 768w, https:\/\/www.praxis-karbacher.de\/wp-content\/uploads\/2024\/04\/AdobeStock_532813596-1536x1024.jpeg 1536w, https:\/\/www.praxis-karbacher.de\/wp-content\/uploads\/2024\/04\/AdobeStock_532813596-2048x1365.jpeg 2048w, https:\/\/www.praxis-karbacher.de\/wp-content\/uploads\/2024\/04\/AdobeStock_532813596-150x100.jpeg 150w\" sizes=\"auto, (max-width: 1024px) 100vw, 1024px\" \/><\/figure>\n<\/div>\n\n\n<p>Die <strong>Chiropraktik<\/strong> ist eine alternative Heilmethode, die sich auf die Diagnose, Behandlung und Vorbeugung von mechanischen St\u00f6rungen des Muskel-Skelett-Systems, insbesondere der Wirbels\u00e4ule, konzentriert. Der zentrale Ansatz in der Chiropraktik ist die Annahme, dass St\u00f6rungen im muskul\u00e4ren und skelettalen System zu verschiedenen gesundheitlichen Problemen f\u00fchren k\u00f6nnen, und dass die Korrektur dieser St\u00f6rungen positive Auswirkungen auf die Gesundheit haben kann. Hier sind einige grundlegende Prinzipien und Techniken, die in der Chiropraktik verwendet werden:<\/p>\n\n\n\n<p><strong>1. Justierung (Chiropraktische Manipulation)<\/strong><br>Die zentrale Technik in der Chiropraktik ist die chiropraktische Justierung, auch als Manipulation oder Adjustierung bekannt. Dabei \u00fcbt der Chiropraktiker gezielten Druck auf bestimmte Gelenke, vor allem an der Wirbels\u00e4ule, aus, um Blockaden zu l\u00f6sen und die normale Beweglichkeit wiederherzustellen. Dieser Druck kann durch schnelle, kurze Bewegungen oder durch sanftere Techniken ausge\u00fcbt werden.<\/p>\n\n\n\n<p><strong>2. Mobilisation<\/strong><br>Neben der Justierung k\u00f6nnen auch Mobilisationstechniken eingesetzt werden. Diese umfassen sanfte, wiederholte Bewegungen, um die Gelenke zu mobilisieren und die Flexibilit\u00e4t zu verbessern.<\/p>\n\n\n\n<p><strong>3. Ganzheitlicher Ansatz<\/strong><br>Die Chiropraktik verfolgt oft einen ganzheitlichen Ansatz und ber\u00fccksichtigt nicht nur die spezifischen Symptome des Patienten, sondern auch Faktoren wie Ern\u00e4hrung, Stressmanagement und emotionales Wohlbefinden.<\/p>\n\n\n\n<p>Es ist wichtig zu beachten, dass die Chiropraktik in einigen L\u00e4ndern als alternative oder erg\u00e4nzende Therapie betrachtet wird. Die Wirksamkeit und Sicherheit der chiropraktischen Behandlung sind Gegenstand kontroverser Diskussionen und es gibt unterschiedliche Meinungen in der medizinischen Gemeinschaft. Personen, die eine chiropraktische Behandlung in Betracht ziehen, sollten dies in Absprache mit ihrem Hausarzt oder einem qualifizierten Gesundheitsdienstleister tun.<\/p>\n","protected":false},"excerpt":{"rendered":"<p>Chiropraktik Die Chiropraktik ist eine alternative Heilmethode, die sich auf die Diagnose, Behandlung und Vorbeugung von mechanischen St\u00f6rungen des Muskel-Skelett-Systems, insbesondere der Wirbels\u00e4ule, konzentriert. Der zentrale Ansatz in der Chiropraktik ist die Annahme, dass St\u00f6rungen im muskul\u00e4ren und skelettalen System zu verschiedenen gesundheitlichen Problemen f\u00fchren k\u00f6nnen, und dass die Korrektur&#8230;<\/p>\n<p> <a class=\"continue-reading-link\" href=\"https:\/\/www.praxis-karbacher.de\/index.php\/leistungen\/chiropratik\/\"><span>Continue reading<\/span><i class=\"crycon-right-dir\"><\/i><\/a> <\/p>\n","protected":false},"author":1,"featured_media":0,"parent":9,"menu_order":0,"comment_status":"closed","ping_status":"closed","template":"","meta":{"_monsterinsights_skip_tracking":false,"_monsterinsights_sitenote_active":false,"_monsterinsights_sitenote_note":"","_monsterinsights_sitenote_category":0,"footnotes":""},"class_list":["post-450","page","type-page","status-publish","hentry"],"_links":{"self":[{"href":"https:\/\/www.praxis-karbacher.de\/index.php\/wp-json\/wp\/v2\/pages\/450","targetHints":{"allow":["GET"]}}],"collection":[{"href":"https:\/\/www.praxis-karbacher.de\/index.php\/wp-json\/wp\/v2\/pages"}],"about":[{"href":"https:\/\/www.praxis-karbacher.de\/index.php\/wp-json\/wp\/v2\/types\/page"}],"author":[{"embeddable":true,"href":"https:\/\/www.praxis-karbacher.de\/index.php\/wp-json\/wp\/v2\/users\/1"}],"replies":[{"embeddable":true,"href":"https:\/\/www.praxis-karbacher.de\/index.php\/wp-json\/wp\/v2\/comments?post=450"}],"version-history":[{"count":3,"href":"https:\/\/www.praxis-karbacher.de\/index.php\/wp-json\/wp\/v2\/pages\/450\/revisions"}],"predecessor-version":[{"id":574,"href":"https:\/\/www.praxis-karbacher.de\/index.php\/wp-json\/wp\/v2\/pages\/450\/revisions\/574"}],"up":[{"embeddable":true,"href":"https:\/\/www.praxis-karbacher.de\/index.php\/wp-json\/wp\/v2\/pages\/9"}],"wp:attachment":[{"href":"https:\/\/www.praxis-karbacher.de\/index.php\/wp-json\/wp\/v2\/media?parent=450"}],"curies":[{"name":"wp","href":"https:\/\/api.w.org\/{rel}","templated":true}]}}